{"id":175,"date":"2021-06-10T14:13:00","date_gmt":"2021-06-10T12:13:00","guid":{"rendered":"http:\/\/akaption.be\/lsrpharma\/?page_id=175"},"modified":"2025-04-16T11:46:29","modified_gmt":"2025-04-16T09:46:29","slug":"home-2","status":"publish","type":"page","link":"https:\/\/akaption.be\/lsrpharma\/","title":{"rendered":"Home"},"content":{"rendered":"<p>[vc_row section_type=\u00a0\u00bbfullwidth\u00a0\u00bb section_full_height=\u00a0\u00bbfullheight\u00a0\u00bb equal_column_height=\u00a0\u00bbmiddle-content\u00a0\u00bb section_id=\u00a0\u00bbbannerHomepage\u00a0\u00bb][vc_column width=\u00a0\u00bb1\/2&Prime; heading_color=\u00a0\u00bblight\u00a0\u00bb font_color=\u00a0\u00bb#ffffff\u00a0\u00bb css=\u00a0\u00bb.vc_custom_1623658315084{padding-left: 25% !important;}\u00a0\u00bb]<h1 class=\"grve-element grve-title grve-align-left grve-animated-item grve-duration-normal grve-fade-in-right grve-h1\" style=\"\" data-delay=\"200\"><span>LSR Pharma<\/span><\/h1>[vc_column_text text_style=\u00a0\u00bbleader-text\u00a0\u00bb animation=\u00a0\u00bbgrve-fade-in-right\u00a0\u00bb animation_delay=\u00a0\u00bb400&Prime;]Val\u00e9rie Wilmart, pharmacienne titulaire et son \u00e9quipe compos\u00e9e de Jeanne Schyns, pharmacienne et Quentin Weusten, pharmacien vous accueille \u00e0 Lens-Saint-Remy pour un service de conseils personnalis\u00e9s bas\u00e9s sur l\u2019\u00e9coute.<\/p>\n<p>Le module de commande vous permet de r\u00e9server des produits afin que votre commande soit pr\u00eate lors de votre visite.<\/p>\n<p>Un parking de 6 places est \u00e0 votre disposition.[\/vc_column_text]<div class=\"grve-empty-space grve-height-2x\" style=\"\"><\/div><div class=\"grve-element grve-align-left grve-animated-item grve-fade-in grve-duration-normal btnSeeMore\" data-delay=\"800\"><a href=\"https:\/\/akaption.be\/lsrpharma\/commande\/\" title=\"Commander en ligne\" class=\"grve-btn grve-btn-medium grve-extra-round grve-bg-primary-1 grve-bg-hover-black\"><span>Commander maintenant<\/span><\/a><\/div><div class=\"grve-empty-space grve-height-2x\" style=\"\"><\/div>[\/vc_column][vc_column width=\u00a0\u00bb1\/2&Prime; el_id=\u00a0\u00bbbannerImg\u00a0\u00bb css=\u00a0\u00bb.vc_custom_1623824071494{background-position: center !important;background-repeat: no-repeat !important;background-size: contain !important;}\u00a0\u00bb][\/vc_column][\/vc_row][vc_row section_id=\u00a0\u00bbicon\u00a0\u00bb][vc_column][vc_raw_html]JTNDYSUyMGhyZWYlM0QlMjIlMjNuZXdzJTIyJTNFJTBBJTIwJTIwJTNDZGl2JTIwY2xhc3MlM0QlMjJzY3JvbGwtZG93biUyMiUzRSUwQSUyMCUyMCUyMCUyMCUyMCUyMCUzQ3NwYW4lM0UlM0MlMkZzcGFuJTNFJTBBJTIwJTIwJTIwJTIwJTIwJTIwJTNDc3BhbiUzRSUzQyUyRnNwYW4lM0UlMEElMjAlMjAlMjAlMjAlMjAlMjAlM0NzcGFuJTNFJTNDJTJGc3BhbiUzRSUwQSUyMCUyMCUyMCUzQyUyRmRpdiUzRSUwQSUzQyUyRmElM0U=[\/vc_raw_html][\/vc_column][\/vc_row][vc_row padding_top_multiplier=\u00a0\u00bb2x\u00a0\u00bb padding_bottom_multiplier=\u00a0\u00bb\u00a0\u00bb section_id=\u00a0\u00bbnews\u00a0\u00bb][vc_column]<div class=\"grve-element grve-slogan grve-align-center titleActu\" style=\"\"><h3 class=\"grve-slogan-title grve-align-center grve-h2\"><span>Actualit\u00e9s<\/span><\/h3><\/div><div class=\"grve-empty-space grve-height-2x\" style=\"\"><\/div>\t\t<div class=\"grve-element grve-blog grve-blog-columns grve-blog-grid grve-isotope grve-with-gap grve-with-shadow\" style=\"\" data-columns=\"3\" data-columns-large-screen=\"3\" data-columns-tablet-landscape=\"2\" data-columns-tablet-portrait=\"2\" data-columns-mobile=\"1\" data-layout=\"fitRows\" data-spinner=\"no\" data-gutter-size=\"40\">\n\t\t\t<div class=\"grve-isotope-container\">\n\t\t\t<article class=\"grve-blog-item grve-isotope-item post-584 post type-post status-publish format-standard has-post-thumbnail hentry category-non-classe\" itemscope itemType=\"http:\/\/schema.org\/BlogPosting\">\n\t\t\t\t<div class=\"grve-blog-item-inner grve-isotope-item-inner grve-fade-in-up\">\n\t\t\t\t\t\t\t\t\t\t\t\t\t<div class=\"grve-media\">\n\t\t\t<a class=\"grve-item-url\" href=\"https:\/\/akaption.be\/lsrpharma\/nouvelle-gamme-de-cosmetiques-xantho\/\" aria-label=\"Nouvelle gamme de cosm\u00e9tiques Xantho\"><\/a>\n\t\t\t<img loading=\"lazy\" decoding=\"async\" width=\"560\" height=\"420\" src=\"https:\/\/akaption.be\/lsrpharma\/wp-content\/uploads\/2024\/06\/TRAVEL-BAG-RANGE-XANTHO-107-560x420.jpg\" class=\"attachment-movedo-grve-small-rect-horizontal size-movedo-grve-small-rect-horizontal wp-post-image\" alt=\"\" srcset=\"https:\/\/akaption.be\/lsrpharma\/wp-content\/uploads\/2024\/06\/TRAVEL-BAG-RANGE-XANTHO-107-560x420.jpg 560w, https:\/\/akaption.be\/lsrpharma\/wp-content\/uploads\/2024\/06\/TRAVEL-BAG-RANGE-XANTHO-107-900x675.jpg 900w\" sizes=\"auto, (max-width: 560px) 100vw, 560px\" \/>\t\t\t<div class=\"grve-bg-black grve-hover-overlay grve-opacity-10\"><\/div>\n\t\t<\/div>\n\t\t\t\t\t\t<div class=\"grve-post-content-wrapper\">\n\t\t\t\t\t\t\t<div class=\"grve-post-content\">\n\t\t\t\t\t\t\t\t<div class=\"grve-post-header\">\n\t\t\t\t\t\t\t\t\t\t\t\t\t\t\t\t\t\t\t\t<span class=\"grve-hidden\">\n\t\t\t<span class=\"grve-structured-data entry-title\">Nouvelle gamme de cosm\u00e9tiques Xantho<\/span>\n\t\t\t<span class=\"grve-structured-data\" itemprop=\"image\" itemscope itemtype=\"http:\/\/schema.org\/ImageObject\">\n\t\t\t   <span itemprop='url' >https:\/\/akaption.be\/lsrpharma\/wp-content\/uploads\/2024\/06\/TRAVEL-BAG-RANGE-XANTHO-107-scaled.jpg<\/span>\n\t\t\t   <span itemprop='height' >2560<\/span>\n\t\t\t   <span itemprop='width' >2560<\/span>\n\t\t\t<\/span>\n\t\t\t\t\t\t<span class=\"grve-structured-data vcard author\" itemprop=\"author\" itemscope itemtype=\"http:\/\/schema.org\/Person\">\n\t\t\t\t<span itemprop=\"name\" class=\"fn\">Caroline<\/span>\n\t\t\t<\/span>\n\t\t\t<span class=\"grve-structured-data\" itemprop=\"publisher\" itemscope itemtype=\"http:\/\/schema.org\/Organization\">\n\t\t\t\t<span itemprop='name'>Caroline<\/span>\n\t\t\t\t<span itemprop='logo' itemscope itemtype='http:\/\/schema.org\/ImageObject'>\n\t\t\t\t\t<span itemprop='url'>https:\/\/secure.gravatar.com\/avatar\/9bcc26e0080af1245fc53231d8f1eea1f99d906b2425bf5f8ec6c1074397f293?s=96&#038;d=mm&#038;r=g<\/span>\n\t\t\t\t<\/span>\n\t\t\t<\/span>\n\t\t\t\t\t\t<time class=\"grve-structured-data date published\" itemprop=\"datePublished\" datetime=\"2024-03-13T11:46:24+01:00\">13 mars 2024<\/time>\n\t\t\t<time class=\"grve-structured-data date updated\" itemprop=\"dateModified\"  datetime=\"2024-06-15T10:37:16+02:00\">15 juin 2024<\/time>\n\t\t\t<span class=\"grve-structured-data\" itemprop=\"mainEntityOfPage\" itemscope itemtype=\"http:\/\/schema.org\/WebPage\" itemid=\"https:\/\/akaption.be\/lsrpharma\/nouvelle-gamme-de-cosmetiques-xantho\/\"><\/span>\n\t\t<\/span>\n\t\t\t\t\t\t\t\t\t\t\t\t\t\t\t\t\t\t\t\t\t\t\t\t\t\t\t\t<a href=\"https:\/\/akaption.be\/lsrpharma\/nouvelle-gamme-de-cosmetiques-xantho\/\" rel=\"bookmark\"><h2 class=\"grve-post-title grve-post-title-hover grve-h3\" itemprop=\"name headline\">Nouvelle gamme de cosm\u00e9tiques Xantho<\/h2><\/a>\t\t\t\t\t\t\t\t<\/div>\n\t\t\t\t\t\t\t\t<div itemprop=\"articleBody\"><p>Disponible chez LSR Pharma, la nouvelle gamme XANTHO 100% belge et 100% naturelle. Profitez des effets b\u00e9n\u00e9fiques du houblon (6 fois plus puissant que les\u2026<\/p><a class=\"grve-read-more grve-link-text grve-heading-color grve-text-hover-primary-1\" href=\"https:\/\/akaption.be\/lsrpharma\/nouvelle-gamme-de-cosmetiques-xantho\/\"><span>read more<\/span><\/a><\/div>\t\t\t\t\t\t\t<\/div>\n\t\t\t\t\t\t<\/div>\n\t\t\t\t\t\n\t\t\t\t<\/div>\t\t\t<\/article>\n\n\t\t\t<article class=\"grve-blog-item grve-isotope-item post-551 post type-post status-publish format-standard has-post-thumbnail hentry category-non-classe\" itemscope itemType=\"http:\/\/schema.org\/BlogPosting\">\n\t\t\t\t<div class=\"grve-blog-item-inner grve-isotope-item-inner grve-fade-in-up\">\n\t\t\t\t\t\t\t\t\t\t\t\t\t<div class=\"grve-media\">\n\t\t\t<a class=\"grve-item-url\" href=\"https:\/\/akaption.be\/lsrpharma\/weleda\/\" aria-label=\"Weleda\"><\/a>\n\t\t\t<img loading=\"lazy\" decoding=\"async\" width=\"480\" height=\"270\" src=\"https:\/\/akaption.be\/lsrpharma\/wp-content\/uploads\/2022\/11\/weledahippo_content480x270-1.jpg\" class=\"attachment-movedo-grve-small-rect-horizontal size-movedo-grve-small-rect-horizontal wp-post-image\" alt=\"\" srcset=\"https:\/\/akaption.be\/lsrpharma\/wp-content\/uploads\/2022\/11\/weledahippo_content480x270-1.jpg 480w, https:\/\/akaption.be\/lsrpharma\/wp-content\/uploads\/2022\/11\/weledahippo_content480x270-1-300x169.jpg 300w\" sizes=\"auto, (max-width: 480px) 100vw, 480px\" \/>\t\t\t<div class=\"grve-bg-black grve-hover-overlay grve-opacity-10\"><\/div>\n\t\t<\/div>\n\t\t\t\t\t\t<div class=\"grve-post-content-wrapper\">\n\t\t\t\t\t\t\t<div class=\"grve-post-content\">\n\t\t\t\t\t\t\t\t<div class=\"grve-post-header\">\n\t\t\t\t\t\t\t\t\t\t\t\t\t\t\t\t\t\t\t\t<span class=\"grve-hidden\">\n\t\t\t<span class=\"grve-structured-data entry-title\">Weleda<\/span>\n\t\t\t<span class=\"grve-structured-data\" itemprop=\"image\" itemscope itemtype=\"http:\/\/schema.org\/ImageObject\">\n\t\t\t   <span itemprop='url' >https:\/\/akaption.be\/lsrpharma\/wp-content\/uploads\/2022\/11\/weledahippo_content480x270-1.jpg<\/span>\n\t\t\t   <span itemprop='height' >480<\/span>\n\t\t\t   <span itemprop='width' >270<\/span>\n\t\t\t<\/span>\n\t\t\t\t\t\t<span class=\"grve-structured-data vcard author\" itemprop=\"author\" itemscope itemtype=\"http:\/\/schema.org\/Person\">\n\t\t\t\t<span itemprop=\"name\" class=\"fn\">Caroline<\/span>\n\t\t\t<\/span>\n\t\t\t<span class=\"grve-structured-data\" itemprop=\"publisher\" itemscope itemtype=\"http:\/\/schema.org\/Organization\">\n\t\t\t\t<span itemprop='name'>Caroline<\/span>\n\t\t\t\t<span itemprop='logo' itemscope itemtype='http:\/\/schema.org\/ImageObject'>\n\t\t\t\t\t<span itemprop='url'>https:\/\/secure.gravatar.com\/avatar\/9bcc26e0080af1245fc53231d8f1eea1f99d906b2425bf5f8ec6c1074397f293?s=96&#038;d=mm&#038;r=g<\/span>\n\t\t\t\t<\/span>\n\t\t\t<\/span>\n\t\t\t\t\t\t<time class=\"grve-structured-data date published\" itemprop=\"datePublished\" datetime=\"2023-12-15T09:12:26+01:00\">15 d\u00e9cembre 2023<\/time>\n\t\t\t<time class=\"grve-structured-data date updated\" itemprop=\"dateModified\"  datetime=\"2024-06-06T16:19:09+02:00\">6 juin 2024<\/time>\n\t\t\t<span class=\"grve-structured-data\" itemprop=\"mainEntityOfPage\" itemscope itemtype=\"http:\/\/schema.org\/WebPage\" itemid=\"https:\/\/akaption.be\/lsrpharma\/weleda\/\"><\/span>\n\t\t<\/span>\n\t\t\t\t\t\t\t\t\t\t\t\t\t\t\t\t\t\t\t\t\t\t\t\t\t\t\t\t<a href=\"https:\/\/akaption.be\/lsrpharma\/weleda\/\" rel=\"bookmark\"><h2 class=\"grve-post-title grve-post-title-hover grve-h3\" itemprop=\"name headline\">Weleda<\/h2><\/a>\t\t\t\t\t\t\t\t<\/div>\n\t\t\t\t\t\t\t\t<div itemprop=\"articleBody\"><p>La gamme Weleda est dor\u00e9navant disponible chez LSR Pharma. Weleda est une gamme suisse de produits vendus en pharmacie, 100% naturels, \u00e0 base de plantes,\u2026<\/p><a class=\"grve-read-more grve-link-text grve-heading-color grve-text-hover-primary-1\" href=\"https:\/\/akaption.be\/lsrpharma\/weleda\/\"><span>read more<\/span><\/a><\/div>\t\t\t\t\t\t\t<\/div>\n\t\t\t\t\t\t<\/div>\n\t\t\t\t\t\n\t\t\t\t<\/div>\t\t\t<\/article>\n\n\t\t\t<article class=\"grve-blog-item grve-isotope-item post-534 post type-post status-publish format-standard has-post-thumbnail hentry category-non-classe\" itemscope itemType=\"http:\/\/schema.org\/BlogPosting\">\n\t\t\t\t<div class=\"grve-blog-item-inner grve-isotope-item-inner grve-fade-in-up\">\n\t\t\t\t\t\t\t\t\t\t\t\t\t<div class=\"grve-media\">\n\t\t\t<a class=\"grve-item-url\" href=\"https:\/\/akaption.be\/lsrpharma\/produits-solaires-louis-widmer\/\" aria-label=\"Produits Solaires Louis Widmer\"><\/a>\n\t\t\t<img loading=\"lazy\" decoding=\"async\" width=\"560\" height=\"420\" src=\"https:\/\/akaption.be\/lsrpharma\/wp-content\/uploads\/2022\/04\/LW_SkinNeed_UVProtection_800x800_21.09-560x420.jpg\" class=\"attachment-movedo-grve-small-rect-horizontal size-movedo-grve-small-rect-horizontal wp-post-image\" alt=\"\" \/>\t\t\t<div class=\"grve-bg-black grve-hover-overlay grve-opacity-10\"><\/div>\n\t\t<\/div>\n\t\t\t\t\t\t<div class=\"grve-post-content-wrapper\">\n\t\t\t\t\t\t\t<div class=\"grve-post-content\">\n\t\t\t\t\t\t\t\t<div class=\"grve-post-header\">\n\t\t\t\t\t\t\t\t\t\t\t\t\t\t\t\t\t\t\t\t<span class=\"grve-hidden\">\n\t\t\t<span class=\"grve-structured-data entry-title\">Produits Solaires Louis Widmer<\/span>\n\t\t\t<span class=\"grve-structured-data\" itemprop=\"image\" itemscope itemtype=\"http:\/\/schema.org\/ImageObject\">\n\t\t\t   <span itemprop='url' >https:\/\/akaption.be\/lsrpharma\/wp-content\/uploads\/2022\/04\/LW_SkinNeed_UVProtection_800x800_21.09.jpg<\/span>\n\t\t\t   <span itemprop='height' >600<\/span>\n\t\t\t   <span itemprop='width' >600<\/span>\n\t\t\t<\/span>\n\t\t\t\t\t\t<span class=\"grve-structured-data vcard author\" itemprop=\"author\" itemscope itemtype=\"http:\/\/schema.org\/Person\">\n\t\t\t\t<span itemprop=\"name\" class=\"fn\">Caroline<\/span>\n\t\t\t<\/span>\n\t\t\t<span class=\"grve-structured-data\" itemprop=\"publisher\" itemscope itemtype=\"http:\/\/schema.org\/Organization\">\n\t\t\t\t<span itemprop='name'>Caroline<\/span>\n\t\t\t\t<span itemprop='logo' itemscope itemtype='http:\/\/schema.org\/ImageObject'>\n\t\t\t\t\t<span itemprop='url'>https:\/\/secure.gravatar.com\/avatar\/9bcc26e0080af1245fc53231d8f1eea1f99d906b2425bf5f8ec6c1074397f293?s=96&#038;d=mm&#038;r=g<\/span>\n\t\t\t\t<\/span>\n\t\t\t<\/span>\n\t\t\t\t\t\t<time class=\"grve-structured-data date published\" itemprop=\"datePublished\" datetime=\"2022-06-25T21:53:56+02:00\">25 juin 2022<\/time>\n\t\t\t<time class=\"grve-structured-data date updated\" itemprop=\"dateModified\"  datetime=\"2023-11-16T13:14:52+01:00\">16 novembre 2023<\/time>\n\t\t\t<span class=\"grve-structured-data\" itemprop=\"mainEntityOfPage\" itemscope itemtype=\"http:\/\/schema.org\/WebPage\" itemid=\"https:\/\/akaption.be\/lsrpharma\/produits-solaires-louis-widmer\/\"><\/span>\n\t\t<\/span>\n\t\t\t\t\t\t\t\t\t\t\t\t\t\t\t\t\t\t\t\t\t\t\t\t\t\t\t\t<a href=\"https:\/\/akaption.be\/lsrpharma\/produits-solaires-louis-widmer\/\" rel=\"bookmark\"><h2 class=\"grve-post-title grve-post-title-hover grve-h3\" itemprop=\"name headline\">Produits Solaires Louis Widmer<\/h2><\/a>\t\t\t\t\t\t\t\t<\/div>\n\t\t\t\t\t\t\t\t<div itemprop=\"articleBody\"><p>N\u2019oubliez pas votre cr\u00e8me solaire pour prot\u00e9ger votre peau. LSR Pharma propose l\u2019enti\u00e8ret\u00e9 de la gamme suisse Louis Widmer, sp\u00e9cialis\u00e9e en soins dermatologiques pour la\u2026<\/p><a class=\"grve-read-more grve-link-text grve-heading-color grve-text-hover-primary-1\" href=\"https:\/\/akaption.be\/lsrpharma\/produits-solaires-louis-widmer\/\"><span>read more<\/span><\/a><\/div>\t\t\t\t\t\t\t<\/div>\n\t\t\t\t\t\t<\/div>\n\t\t\t\t\t\n\t\t\t\t<\/div>\t\t\t<\/article>\n\n\t\t\t<\/div>\n\t\t<\/div>\n[\/vc_column][\/vc_row][vc_row heading_color=\u00a0\u00bblight\u00a0\u00bb bg_type=\u00a0\u00bbcolor\u00a0\u00bb padding_top_multiplier=\u00a0\u00bb6x\u00a0\u00bb padding_bottom_multiplier=\u00a0\u00bb4x\u00a0\u00bb equal_column_height=\u00a0\u00bbmiddle-content\u00a0\u00bb section_id=\u00a0\u00bbcontact\u00a0\u00bb font_color=\u00a0\u00bb#ffffff\u00a0\u00bb][vc_column width=\u00a0\u00bb1\/3&Prime; tablet_width=\u00a0\u00bb5-12&Prime;]<div class=\"grve-element grve-slogan grve-align-left grve-animated-item grve-fade-in-right grve-duration-normal\" style=\"\" data-delay=\"200\"><div class=\"grve-subtitle\">Une question ?<\/div><h3 class=\"grve-slogan-title grve-align-left grve-h2\"><span>Infos pratiques<\/span><\/h3><\/div><div class=\"grve-empty-space\" style=\"height: 20px;\"><\/div><h3 class=\"grve-element grve-title grve-align-left grve-animated-item grve-duration-normal grve-fade-in grve-leader-text\" style=\"\" data-delay=\"600\"><span><i class=\"fa fa-phone\" style=\"color: #4ee5a6; margin-right: 10px;\" aria-hidden=\"true\"><\/i>Contact<\/span><\/h3>[vc_column_text text_style=\u00a0\u00bbleader-text\u00a0\u00bb animation=\u00a0\u00bbgrve-fade-in\u00a0\u00bb animation_delay=\u00a0\u00bb600&Prime;]<a href=\"tel:+3219659005\">019\/65.90.05<\/a>[\/vc_column_text][vc_column_text text_style=\u00a0\u00bbleader-text\u00a0\u00bb animation=\u00a0\u00bbgrve-fade-in\u00a0\u00bb animation_delay=\u00a0\u00bb600&Prime;]<a href=\"mailto:lsrpharma@yahoo.com\">lsrpharma@yahoo.com<\/a>[\/vc_column_text]<div class=\"grve-element grve-divider grve-animated-item grve-fade-in grve-duration-normal\" style=\"padding-top: 30px;padding-bottom: 30px;\" data-delay=\"600\"><div class=\"grve-line-divider grve-border\"><\/div><\/div><h3 class=\"grve-element grve-title grve-align-left grve-animated-item grve-duration-normal grve-fade-in grve-leader-text\" style=\"\" data-delay=\"600\"><span><i class=\"fa fa-calendar\" style=\"color: #4ee5a6; margin-right: 10px;\" aria-hidden=\"true\"><\/i> Horaires d&rsquo;ouverture<\/span><\/h3>[vc_column_text animation=\u00a0\u00bbgrve-fade-in\u00a0\u00bb animation_delay=\u00a0\u00bb600&Prime;]Lundi au Vendredi : <strong>8h30<\/strong> &#8211;\u00a0<strong>12h30 \/ <\/strong><strong>13h30<\/strong> &#8211;\u00a0<strong>19h00<\/strong>[\/vc_column_text]<div class=\"grve-empty-space\" style=\"height: 5px;\"><\/div>[vc_column_text animation=\u00a0\u00bbgrve-fade-in\u00a0\u00bb animation_delay=\u00a0\u00bb600&Prime;]Samedi : <strong>9h00<\/strong> &#8211;\u00a0<strong>13h00<\/strong>[\/vc_column_text]<div class=\"grve-empty-space\" style=\"height: 15px;\"><\/div>[vc_column_text animation=\u00a0\u00bbgrve-fade-in\u00a0\u00bb animation_delay=\u00a0\u00bb600&Prime;]Service de garde : <a href=\"https:\/\/www.pharmacie.be\">pharmacie.be<\/a>[\/vc_column_text]<div class=\"grve-element grve-divider grve-animated-item grve-fade-in grve-duration-normal\" style=\"padding-top: 30px;padding-bottom: 30px;\" data-delay=\"600\"><div class=\"grve-line-divider grve-border\"><\/div><\/div><h3 class=\"grve-element grve-title grve-align-left grve-animated-item grve-duration-normal grve-fade-in grve-leader-text\" style=\"\" data-delay=\"600\"><span><i class=\"fa fa-map-marker\" style=\"color: #4ee5a6; margin-right: 10px;\" aria-hidden=\"true\"><\/i> Localisation<\/span><\/h3>[vc_column_text animation=\u00a0\u00bbgrve-fade-in\u00a0\u00bb animation_delay=\u00a0\u00bb600&Prime;]Rue de Huy, 153<br \/>\n4280 Lens-Saint-Remy[\/vc_column_text][\/vc_column][vc_column width=\u00a0\u00bb1\/12&Prime; tablet_width=\u00a0\u00bbhide\u00a0\u00bb tablet_sm_width=\u00a0\u00bbhide\u00a0\u00bb mobile_width=\u00a0\u00bbhide\u00a0\u00bb][\/vc_column][vc_column column_effect=\u00a0\u00bbmouse-move-x-y\u00a0\u00bb column_effect_limit=\u00a0\u00bb4x\u00a0\u00bb width=\u00a0\u00bb7\/12&Prime; clipping_animation=\u00a0\u00bbclipping-left\u00a0\u00bb animation_delay=\u00a0\u00bb800&Prime;]<div class=\"grve-empty-space grve-height-2x\" style=\"\"><\/div><div class=\"grve-map-wrapper\"><div class=\"grve-element grve-map\" data-lat=\"50.648980\" data-lng=\"5.126990\" data-zoom=\"15\" data-disable-style=\"no\" style=\"height: 450px;\"><\/div>  <div style=\"display:none\" class=\"grve-map-point\" data-point-marker=\"\/\/akaption.be\/lsrpharma\/wp-content\/themes\/movedo\/images\/markers\/transparent.png\" data-point-lat=\"50.648980\" data-point-lng=\"5.126990\" data-point-title=\"\" data-point-type=\"pulse-dot\" data-point-marker-width=\"\" data-point-marker-height=\"\" data-point-bg-color=\"primary-1\"><\/div><\/div><div class=\"grve-empty-space grve-height-2x\" style=\"\"><\/div>[\/vc_column][\/vc_row]<\/p>\n","protected":false},"excerpt":{"rendered":"<p>[vc_row section_type=\u00a0\u00bbfullwidth\u00a0\u00bb section_full_height=\u00a0\u00bbfullheight\u00a0\u00bb equal_column_height=\u00a0\u00bbmiddle-content\u00a0\u00bb section_id=\u00a0\u00bbbannerHomepage\u00a0\u00bb][vc_column width=\u00a0\u00bb1\/2&Prime; heading_color=\u00a0\u00bblight\u00a0\u00bb font_color=\u00a0\u00bb#ffffff\u00a0\u00bb css=\u00a0\u00bb.vc_custom_1623658315084{padding-left: 25% !important;}\u00a0\u00bb][vc_column_text text_style=\u00a0\u00bbleader-text\u00a0\u00bb animation=\u00a0\u00bbgrve-fade-in-right\u00a0\u00bb animation_delay=\u00a0\u00bb400&Prime;]Val\u00e9rie Wilmart, pharmacienne titulaire et son \u00e9quipe compos\u00e9e de Jeanne Schyns, pharmacienne et Quentin Weusten, pharmacien vous accueille \u00e0 Lens-Saint-Remy pour un service de conseils personnalis\u00e9s bas\u00e9s sur l\u2019\u00e9coute. Le module de commande vous permet de r\u00e9server des produits afin que votre [&hellip;]<\/p>\n","protected":false},"author":1,"featured_media":0,"parent":0,"menu_order":0,"comment_status":"closed","ping_status":"closed","template":"","meta":{"footnotes":""},"class_list":["post-175","page","type-page","status-publish","hentry"],"_links":{"self":[{"href":"https:\/\/akaption.be\/lsrpharma\/wp-json\/wp\/v2\/pages\/175","targetHints":{"allow":["GET"]}}],"collection":[{"href":"https:\/\/akaption.be\/lsrpharma\/wp-json\/wp\/v2\/pages"}],"about":[{"href":"https:\/\/akaption.be\/lsrpharma\/wp-json\/wp\/v2\/types\/page"}],"author":[{"embeddable":true,"href":"https:\/\/akaption.be\/lsrpharma\/wp-json\/wp\/v2\/users\/1"}],"replies":[{"embeddable":true,"href":"https:\/\/akaption.be\/lsrpharma\/wp-json\/wp\/v2\/comments?post=175"}],"version-history":[{"count":153,"href":"https:\/\/akaption.be\/lsrpharma\/wp-json\/wp\/v2\/pages\/175\/revisions"}],"predecessor-version":[{"id":600,"href":"https:\/\/akaption.be\/lsrpharma\/wp-json\/wp\/v2\/pages\/175\/revisions\/600"}],"wp:attachment":[{"href":"https:\/\/akaption.be\/lsrpharma\/wp-json\/wp\/v2\/media?parent=175"}],"curies":[{"name":"wp","href":"https:\/\/api.w.org\/{rel}","templated":true}]}}