{"id":271,"date":"2021-06-11T15:04:17","date_gmt":"2021-06-11T13:04:17","guid":{"rendered":"http:\/\/akaption.be\/lsrpharma\/?page_id=271"},"modified":"2021-06-16T11:39:30","modified_gmt":"2021-06-16T09:39:30","slug":"commande","status":"publish","type":"page","link":"https:\/\/akaption.be\/lsrpharma\/commande\/","title":{"rendered":"Commander en ligne"},"content":{"rendered":"<p>[vc_row section_id=\u00a0\u00bbbanner\u00a0\u00bb][vc_column heading_color=\u00a0\u00bblight\u00a0\u00bb]<div class=\"grve-empty-space grve-height-4x\" style=\"\"><\/div><h1 class=\"grve-element grve-title grve-align-center grve-animated-item grve-duration-normal grve-fade-in grve-h1 titleCommander\" style=\"\" data-delay=\"200\"><span>Commander<\/span><\/h1><div class=\"grve-empty-space grve-height-4x\" style=\"\"><\/div>[\/vc_column][\/vc_row][vc_row padding_top_multiplier=\u00a0\u00bb2x\u00a0\u00bb padding_bottom_multiplier=\u00a0\u00bb4x\u00a0\u00bb section_id=\u00a0\u00bbteam\u00a0\u00bb][vc_column width=\u00a0\u00bb1\/12&Prime; tablet_width=\u00a0\u00bb1-12&Prime; tablet_sm_width=\u00a0\u00bbhide\u00a0\u00bb mobile_width=\u00a0\u00bbhide\u00a0\u00bb][\/vc_column][vc_column width=\u00a0\u00bb10\/12&Prime; tablet_width=\u00a0\u00bb5-6&Prime; tablet_sm_width=\u00a0\u00bb1&Prime; shadow=\u00a0\u00bbsmall\u00a0\u00bb css=\u00a0\u00bb.vc_custom_1623681629054{margin-bottom: 30px !important;padding-top: 20px !important;padding-right: 20px !important;padding-bottom: 20px !important;padding-left: 20px !important;background-color: #ffffff !important;border-radius: 10px !important;}\u00a0\u00bb]<h3 class=\"grve-element grve-title grve-align-left grve-h3\" style=\"\"><span>Commander ici<\/span><\/h3>[vc_column_text]\n<div class=\"wpcf7 no-js\" id=\"wpcf7-f381-o1\" lang=\"fr-FR\" dir=\"ltr\" data-wpcf7-id=\"381\">\n<div class=\"screen-reader-response\"><p role=\"status\" aria-live=\"polite\" aria-atomic=\"true\"><\/p> <ul><\/ul><\/div>\n<form action=\"\/lsrpharma\/wp-json\/wp\/v2\/pages\/271#wpcf7-f381-o1\" method=\"post\" class=\"wpcf7-form init\" aria-label=\"Formulaire de contact\" enctype=\"multipart\/form-data\" novalidate=\"novalidate\" data-status=\"init\">\n<fieldset class=\"hidden-fields-container\"><input type=\"hidden\" name=\"_wpcf7\" value=\"381\" \/><input type=\"hidden\" name=\"_wpcf7_version\" value=\"6.1.4\" \/><input type=\"hidden\" name=\"_wpcf7_locale\" value=\"fr_FR\" \/><input type=\"hidden\" name=\"_wpcf7_unit_tag\" value=\"wpcf7-f381-o1\" \/><input type=\"hidden\" name=\"_wpcf7_container_post\" value=\"0\" \/><input type=\"hidden\" name=\"_wpcf7_posted_data_hash\" value=\"\" \/><input type=\"hidden\" name=\"_wpcf7cf_hidden_group_fields\" value=\"\" \/><input type=\"hidden\" name=\"_wpcf7cf_hidden_groups\" value=\"\" \/><input type=\"hidden\" name=\"_wpcf7cf_visible_groups\" value=\"\" \/><input type=\"hidden\" name=\"_wpcf7cf_repeaters\" value=\"[]\" \/><input type=\"hidden\" name=\"_wpcf7cf_steps\" value=\"{}\" \/><input type=\"hidden\" name=\"_wpcf7cf_options\" value=\"{&quot;form_id&quot;:381,&quot;conditions&quot;:[{&quot;then_field&quot;:&quot;products&quot;,&quot;and_rules&quot;:[{&quot;if_field&quot;:&quot;ordonance&quot;,&quot;operator&quot;:&quot;equals&quot;,&quot;if_value&quot;:&quot;Sur ordonnance&quot;}]},{&quot;then_field&quot;:&quot;-1&quot;,&quot;and_rules&quot;:[{&quot;if_field&quot;:&quot;-1&quot;,&quot;operator&quot;:&quot;equals&quot;,&quot;if_value&quot;:&quot;&quot;}]}],&quot;settings&quot;:{&quot;animation&quot;:&quot;yes&quot;,&quot;animation_intime&quot;:&quot;200&quot;,&quot;animation_outtime&quot;:&quot;200&quot;,&quot;conditions_ui&quot;:&quot;normal&quot;,&quot;notice_dismissed&quot;:&quot;1&quot;,&quot;regex_numeric&quot;:&quot;^[0-9]+$&quot;,&quot;regex_alphabetic&quot;:&quot;^[a-zA-Z]+$&quot;,&quot;regex_alphanumeric&quot;:&quot;^[a-zA-Z0-9]+$&quot;,&quot;regex_date&quot;:&quot;^(0?[1-9]|1[012])[- .](0?[1-9]|[12][0-9]|3[01])[- \\\/.](19|20)?[0-9]{2}$&quot;,&quot;regex_email&quot;:&quot;^[a-zA-Z0-9._%-]+@[a-zA-Z0-9.-]+.[a-zA-Z]{2,4}$&quot;,&quot;regex_numeric_label&quot;:&quot;numeric&quot;,&quot;regex_alphabetic_label&quot;:&quot;alphabetic&quot;,&quot;regex_alphanumeric_label&quot;:&quot;alphanumeric&quot;,&quot;regex_date_label&quot;:&quot;date&quot;,&quot;regex_email_label&quot;:&quot;email&quot;,&quot;regex_custom_1&quot;:&quot;&quot;,&quot;regex_custom_2&quot;:&quot;&quot;,&quot;regex_custom_3&quot;:&quot;&quot;,&quot;regex_custom_4&quot;:&quot;&quot;,&quot;regex_custom_5&quot;:&quot;&quot;,&quot;regex_custom_1_label&quot;:&quot;custom 1&quot;,&quot;regex_custom_2_label&quot;:&quot;custom 2&quot;,&quot;regex_custom_3_label&quot;:&quot;custom 3&quot;,&quot;regex_custom_4_label&quot;:&quot;custom 4&quot;,&quot;regex_custom_5_label&quot;:&quot;custom 5&quot;}}\" \/>\n<\/fieldset>\n<div class=\"info\">\n\t<h4>Informations g\u00e9n\u00e9rales\n\t<\/h4>\n\t<div style=\"display: flex; justify-content: space-between;\">\n\t\t<p><label class=\"inputContainer\"><span>Nom<\/span><span class=\"wpcf7-form-control-wrap\" data-name=\"nom\"><input size=\"40\" maxlength=\"400\" class=\"wpcf7-form-control wpcf7-text wpcf7-validates-as-required\" aria-required=\"true\" aria-invalid=\"false\" value=\"\" type=\"text\" name=\"nom\" \/><\/span><\/label><br \/>\n<label class=\"inputContainer\"><span>Pr\u00e9nom<\/span><span class=\"wpcf7-form-control-wrap\" data-name=\"prenom\"><input size=\"40\" maxlength=\"400\" class=\"wpcf7-form-control wpcf7-text wpcf7-validates-as-required\" aria-required=\"true\" aria-invalid=\"false\" value=\"\" type=\"text\" name=\"prenom\" \/><\/span><\/label>\n\t\t<\/p>\n\t<\/div>\n\t<div>\n\t\t<p><label><span>Adresse<\/span><span class=\"wpcf7-form-control-wrap\" data-name=\"adresse\"><input size=\"40\" maxlength=\"400\" class=\"wpcf7-form-control wpcf7-text\" aria-invalid=\"false\" value=\"\" type=\"text\" name=\"adresse\" \/><\/span><\/label>\n\t\t<\/p>\n\t<\/div>\n\t<div style=\"display: flex; justify-content: space-between;\">\n\t\t<p><label class=\"inputContainer\"><span>Code Postal<\/span><span class=\"wpcf7-form-control-wrap\" data-name=\"code-postal\"><input class=\"wpcf7-form-control wpcf7-number wpcf7-validates-as-number\" aria-invalid=\"false\" value=\"\" type=\"number\" name=\"code-postal\" \/><\/span><\/label><br \/>\n<label class=\"inputContainer\"><span>Localit\u00e9<\/span><span class=\"wpcf7-form-control-wrap\" data-name=\"localite\"><input size=\"40\" maxlength=\"400\" class=\"wpcf7-form-control wpcf7-text\" aria-invalid=\"false\" value=\"\" type=\"text\" name=\"localite\" \/><\/span><\/label>\n\t\t<\/p>\n\t<\/div>\n\t<div>\n\t\t<p><label><span>Adresse email<\/span><span class=\"wpcf7-form-control-wrap\" data-name=\"email\"><input size=\"40\" maxlength=\"400\" class=\"wpcf7-form-control wpcf7-email wpcf7-validates-as-required wpcf7-text wpcf7-validates-as-email\" aria-required=\"true\" aria-invalid=\"false\" value=\"\" type=\"email\" name=\"email\" \/><\/span><\/label>\n\t\t<\/p>\n\t<\/div>\n\t<div>\n\t\t<p><label><span>Num\u00e9ro de t\u00e9l\u00e9phone\/GSM<\/span><span class=\"wpcf7-form-control-wrap\" data-name=\"tel\"><input size=\"40\" maxlength=\"400\" class=\"wpcf7-form-control wpcf7-tel wpcf7-validates-as-required wpcf7-text wpcf7-validates-as-tel\" aria-required=\"true\" aria-invalid=\"false\" value=\"\" type=\"tel\" name=\"tel\" \/><\/span><\/label>\n\t\t<\/p>\n\t<\/div>\n<\/div>\n<h4>Produits\n<\/h4>\n<div class=\"wpcf7cf_repeater\" data-id=\"products\" data-orig_data_id=\"products\" >\n\t<div class=\"wpcf7cf_repeater_sub\" data-repeater_sub_suffix=\"\">\n\t\t<div class=\"produits\">\n\t\t\t<div class=\"col--large\">\n\t\t\t\t<p><label><span>Nom du produit<\/span><span class=\"wpcf7-form-control-wrap\" data-name=\"nom-produit\"><input size=\"40\" maxlength=\"400\" class=\"wpcf7-form-control wpcf7-text\" aria-invalid=\"false\" value=\"\" type=\"text\" name=\"nom-produit\" \/><\/span><\/label>\n\t\t\t\t<\/p>\n\t\t\t<\/div>\n\t\t\t<div class=\"col--small\">\n\t\t\t\t<p><label><span>Quantit\u00e9<\/span><span class=\"wpcf7-form-control-wrap\" data-name=\"quantite\"><input class=\"wpcf7-form-control wpcf7-number wpcf7-validates-as-number\" aria-invalid=\"false\" value=\"\" type=\"number\" name=\"quantite\" \/><\/span><\/label>\n\t\t\t\t<\/p>\n\t\t\t<\/div>\n\t\t\t<div class=\"col--small checkbox\">\n\t\t\t\t<p><label><span class=\"wpcf7-form-control-wrap\" data-name=\"ordonance\"><span class=\"wpcf7-form-control wpcf7-checkbox\"><span class=\"wpcf7-list-item first last\"><label><input type=\"checkbox\" name=\"ordonance[]\" value=\"Sur ordonnance\" \/><span class=\"wpcf7-list-item-label\">Sur ordonnance<\/span><\/label><\/span><\/span><\/span><\/label>\n\t\t\t\t<\/p>\n\t\t\t<\/div>\n\t\t\t<div class=\"col--extralarge\" style=\"margin: 10px 0;\">\n\t\t\t\t<div data-id=\"products\" data-orig_data_id=\"products\"  data-class=\"wpcf7cf_group\">\n\t\t\t\t\t<p><label class=\"colUpload\"><span>Ordonnance<\/span><\/label>\n\t\t\t\t\t<\/p>\n\t\t\t\t\t<p style=\"margin-bottom: 15px !important; margin-left: 10px;\">Veuillez t\u00e9l\u00e9verser ici une photo ou une version scann\u00e9e de votre ordonnance.\n\t\t\t\t\t<\/p>\n\t\t\t\t\t<p><span class=\"wpcf7-form-control-wrap\" data-name=\"ordonanceFile\"><input size=\"40\" class=\"wpcf7-form-control wpcf7-file custom-file-input\" accept=\"audio\/*,video\/*,image\/*\" aria-invalid=\"false\" type=\"file\" name=\"ordonanceFile\" \/><\/span>\n\t\t\t\t\t<\/p>\n\t\t\t\t<\/div>\n\t\t\t<\/div>\n\t\t<\/div>\n\t<\/div>\n\t<div class=\"wpcf7cf_repeater_controls\">\n\t\t<p><input type=\"hidden\" name=\"products_count\" value=\"\" \/><span class=\"wpcf7cf_add-container\"><button type=\"button\" class=\"wpcf7cf_add\">Add<\/button><\/span><span class=\"wpcf7cf_remove-container\"><button type=\"button\" class=\"wpcf7cf_remove\">Remove<\/button><\/span>\n\t\t<\/p>\n\t<\/div>\n<\/div>\n<p><label><span>Commentaire<\/span><span class=\"wpcf7-form-control-wrap\" data-name=\"comment\"><textarea cols=\"40\" rows=\"10\" maxlength=\"2000\" class=\"wpcf7-form-control wpcf7-textarea\" aria-invalid=\"false\" name=\"comment\"><\/textarea><\/span><\/label>\n<\/p>\n<p><input class=\"wpcf7-form-control wpcf7-submit has-spinner\" type=\"submit\" value=\"Envoyer\" \/>\n<\/p><div class=\"wpcf7-response-output\" aria-hidden=\"true\"><\/div>\n<\/form>\n<\/div>\n[\/vc_column_text][\/vc_column][vc_column width=\u00a0\u00bb1\/12&Prime; tablet_width=\u00a0\u00bb1-12&Prime; tablet_sm_width=\u00a0\u00bbhide\u00a0\u00bb mobile_width=\u00a0\u00bbhide\u00a0\u00bb][\/vc_column][\/vc_row]<\/p>\n","protected":false},"excerpt":{"rendered":"<p>[vc_row section_id=\u00a0\u00bbbanner\u00a0\u00bb][vc_column heading_color=\u00a0\u00bblight\u00a0\u00bb][\/vc_column][\/vc_row][vc_row padding_top_multiplier=\u00a0\u00bb2x\u00a0\u00bb padding_bottom_multiplier=\u00a0\u00bb4x\u00a0\u00bb section_id=\u00a0\u00bbteam\u00a0\u00bb][vc_column width=\u00a0\u00bb1\/12&Prime; tablet_width=\u00a0\u00bb1-12&Prime; tablet_sm_width=\u00a0\u00bbhide\u00a0\u00bb mobile_width=\u00a0\u00bbhide\u00a0\u00bb][\/vc_column][vc_column width=\u00a0\u00bb10\/12&Prime; tablet_width=\u00a0\u00bb5-6&Prime; tablet_sm_width=\u00a0\u00bb1&Prime; shadow=\u00a0\u00bbsmall\u00a0\u00bb css=\u00a0\u00bb.vc_custom_1623681629054{margin-bottom: 30px !important;padding-top: 20px !important;padding-right: 20px !important;padding-bottom: 20px !important;padding-left: 20px !important;background-color: #ffffff !important;border-radius: 10px !important;}\u00a0\u00bb][vc_column_text][\/vc_column_text][\/vc_column][vc_column width=\u00a0\u00bb1\/12&Prime; tablet_width=\u00a0\u00bb1-12&Prime; tablet_sm_width=\u00a0\u00bbhide\u00a0\u00bb mobile_width=\u00a0\u00bbhide\u00a0\u00bb][\/vc_column][\/vc_row]<\/p>\n","protected":false},"author":1,"featured_media":0,"parent":0,"menu_order":0,"comment_status":"closed","ping_status":"closed","template":"","meta":{"footnotes":""},"class_list":["post-271","page","type-page","status-publish","hentry"],"_links":{"self":[{"href":"https:\/\/akaption.be\/lsrpharma\/wp-json\/wp\/v2\/pages\/271","targetHints":{"allow":["GET"]}}],"collection":[{"href":"https:\/\/akaption.be\/lsrpharma\/wp-json\/wp\/v2\/pages"}],"about":[{"href":"https:\/\/akaption.be\/lsrpharma\/wp-json\/wp\/v2\/types\/page"}],"author":[{"embeddable":true,"href":"https:\/\/akaption.be\/lsrpharma\/wp-json\/wp\/v2\/users\/1"}],"replies":[{"embeddable":true,"href":"https:\/\/akaption.be\/lsrpharma\/wp-json\/wp\/v2\/comments?post=271"}],"version-history":[{"count":14,"href":"https:\/\/akaption.be\/lsrpharma\/wp-json\/wp\/v2\/pages\/271\/revisions"}],"predecessor-version":[{"id":401,"href":"https:\/\/akaption.be\/lsrpharma\/wp-json\/wp\/v2\/pages\/271\/revisions\/401"}],"wp:attachment":[{"href":"https:\/\/akaption.be\/lsrpharma\/wp-json\/wp\/v2\/media?parent=271"}],"curies":[{"name":"wp","href":"https:\/\/api.w.org\/{rel}","templated":true}]}}